{"id":706,"date":"2024-09-11T11:47:40","date_gmt":"2024-09-11T09:47:40","guid":{"rendered":"https:\/\/www.obrabeni-kovu.cz\/home\/"},"modified":"2025-02-03T00:51:37","modified_gmt":"2025-02-02T23:51:37","slug":"home","status":"publish","type":"page","link":"https:\/\/www.obrabeni-kovu.cz\/en\/","title":{"rendered":"Home"},"content":{"rendered":"<p>[et_pb_section fb_built=&#8221;1&#8243; _builder_version=&#8221;4.27.0&#8243; _module_preset=&#8221;default&#8221; background_color=&#8221;RGBA(255,255,255,0)&#8221; custom_margin=&#8221;0px||0px||false|false&#8221; custom_padding=&#8221;20px||20px||false|false&#8221; global_colors_info=&#8221;{}&#8221;][et_pb_row column_structure=&#8221;1_2,1_2&#8243; _builder_version=&#8221;4.27.0&#8243; _module_preset=&#8221;default&#8221; global_colors_info=&#8221;{}&#8221;][et_pb_column type=&#8221;1_2&#8243; _builder_version=&#8221;4.27.0&#8243; _module_preset=&#8221;default&#8221; global_colors_info=&#8221;{}&#8221;][et_pb_number_counter title=&#8221;We have been on the market for 31 years, since 1994&#8243; number=&#8221;31&#8243; percent_sign=&#8221;off&#8221; _builder_version=&#8221;4.27.3&#8243; _module_preset=&#8221;default&#8221; title_text_color=&#8221;gcid-heading-color&#8221; number_text_color=&#8221;#000000&#8243; custom_margin=&#8221;0px||10px||false|false&#8221; hover_enabled=&#8221;0&#8243; global_colors_info=&#8221;{%22gcid-heading-color%22:%91%22title_text_color%22%93}&#8221; sticky_enabled=&#8221;0&#8243;][\/et_pb_number_counter][et_pb_image src=&#8221;https:\/\/www.obrabeni-kovu.cz\/wp-content\/uploads\/2024\/09\/obrabeni_kovu_logo_03_350t.png&#8221; alt=&#8221;KOVOOBR\u00c1B\u011aN\u00cd NESCHNER&#8221; title_text=&#8221;KOVOOBR\u00c1B\u011aN\u00cd NESCHNER&#8221; align=&#8221;center&#8221; _builder_version=&#8221;4.27.0&#8243; _module_preset=&#8221;default&#8221; custom_margin=&#8221;0px||0px||false|false&#8221; animation_style=&#8221;slide&#8221; animation_direction=&#8221;bottom&#8221; animation_duration=&#8221;600ms&#8221; animation_delay=&#8221;200ms&#8221; global_colors_info=&#8221;{}&#8221;][\/et_pb_image][et_pb_text _builder_version=&#8221;4.27.0&#8243; _module_preset=&#8221;default&#8221; text_text_color=&#8221;gcid-heading-color&#8221; text_font_size=&#8221;18px&#8221; text_orientation=&#8221;center&#8221; custom_margin=&#8221;30px||5px||false|false&#8221; global_colors_info=&#8221;{%22gcid-heading-color%22:%91%22text_text_color%22%93}&#8221;]<\/p>\n<p>We cooperate with<\/p>\n<p>[\/et_pb_text][et_pb_image src=&#8221;https:\/\/www.obrabeni-kovu.cz\/wp-content\/uploads\/2024\/09\/logo_zinkovna_uvod_3.png&#8221; title_text=&#8221;logo_zinkovna_uvod_3&#8243; url=&#8221;https:\/\/www.zinkovna-dusniky.cz\/&#8221; url_new_window=&#8221;on&#8221; align=&#8221;center&#8221; _builder_version=&#8221;4.27.0&#8243; _module_preset=&#8221;default&#8221; custom_margin=&#8221;0px||0px||false|false&#8221; animation_style=&#8221;slide&#8221; animation_direction=&#8221;bottom&#8221; animation_duration=&#8221;600ms&#8221; animation_delay=&#8221;200ms&#8221; global_colors_info=&#8221;{}&#8221;][\/et_pb_image][et_pb_text _builder_version=&#8221;4.27.0&#8243; _module_preset=&#8221;default&#8221; custom_margin=&#8221;20px||||false|false&#8221; global_colors_info=&#8221;{}&#8221;]<\/p>\n<p style=\"line-height: 30px; text-align: center;\"><a href=\"https:\/\/www.facebook.com\/kovoobrabeni.neschner\" target=\"_blank\" rel=\"noopener\" title=\"Facebook Kovoobr\u00e1b\u011bn\u00ed Neschner\" style=\"color:#666666;\"><img loading=\"lazy\" decoding=\"async\" src=\"https:\/\/www.obrabeni-kovu.cz\/wp-content\/uploads\/2024\/09\/logo_facebook_30a.png\" alt=\"Facebook Kovoobr\u00e1b\u011bn\u00ed Neschner\" class=\"wp-image-745 alignnone size-full\" width=\"30\" height=\"30\" \/> <span style=\"position: relative; top: -8px;\">Facebook<\/span><\/a> \u00a0\u00a0\u00a0\u00a0\u00a0\u00a0\u00a0 <a href=\"https:\/\/www.youtube.com\/channel\/UCAwaQrnWLwxNy7myW24TLAQ\" target=\"_blank\" rel=\"noopener\" title=\"YouTube Kovoobr\u00e1b\u011bn\u00ed Neschner\" style=\"color:#666666;\"><img loading=\"lazy\" decoding=\"async\" src=\"https:\/\/www.obrabeni-kovu.cz\/wp-content\/uploads\/2024\/09\/logo_youtube_30b.png\" alt=\"YouTube Kovoobr\u00e1b\u011bn\u00ed Neschner\" class=\"wp-image-757 alignnone size-full\" width=\"40\" height=\"30\" \/> <span style=\"position: relative; top: -8px;\">YouTube<\/span><\/a><\/p>\n<p>[\/et_pb_text][\/et_pb_column][et_pb_column type=&#8221;1_2&#8243; _builder_version=&#8221;4.27.0&#8243; _module_preset=&#8221;default&#8221; global_colors_info=&#8221;{}&#8221;][et_pb_video src=&#8221;https:\/\/www.youtube.com\/watch?v=iCmjzJM7FAI&#8221; _builder_version=&#8221;4.27.0&#8243; _module_preset=&#8221;default&#8221; animation_style=&#8221;fade&#8221; global_colors_info=&#8221;{}&#8221;][\/et_pb_video][\/et_pb_column][\/et_pb_row][\/et_pb_section][et_pb_section fb_built=&#8221;1&#8243; _builder_version=&#8221;4.27.0&#8243; _module_preset=&#8221;default&#8221; background_color=&#8221;#c9f2d7&#8243; custom_margin=&#8221;0px||0px||false|false&#8221; custom_padding=&#8221;0px||0px||false|false&#8221; border_color_all=&#8221;gcid-heading-color&#8221; border_width_top=&#8221;1px&#8221; border_width_bottom=&#8221;1px&#8221; global_colors_info=&#8221;{%22gcid-heading-color%22:%91%22border_color_all%22,%22border_color_top%22,%22border_color_bottom%22%93}&#8221;][et_pb_row column_structure=&#8221;1_4,1_4,1_4,1_4&#8243; _builder_version=&#8221;4.27.0&#8243; _module_preset=&#8221;default&#8221; global_colors_info=&#8221;{}&#8221;][et_pb_column type=&#8221;1_4&#8243; _builder_version=&#8221;4.27.0&#8243; _module_preset=&#8221;default&#8221; global_colors_info=&#8221;{}&#8221;][et_pb_heading title=&#8221; CNC machining&#8221; _builder_version=&#8221;4.27.0&#8243; _module_preset=&#8221;default&#8221; title_level=&#8221;h2&#8243; title_text_align=&#8221;center&#8221; custom_margin=&#8221;||0px||false|false&#8221; custom_padding=&#8221;||10px||false|false&#8221; global_colors_info=&#8221;{}&#8221;][\/et_pb_heading][et_pb_image src=&#8221;https:\/\/www.obrabeni-kovu.cz\/wp-content\/uploads\/2024\/09\/sluzby_cnc_obrabeni_2.jpg&#8221; url=&#8221;@ET-DC@eyJkeW5hbWljIjp0cnVlLCJjb250ZW50IjoicG9zdF9saW5rX3VybF9wYWdlIiwic2V0dGluZ3MiOnsicG9zdF9pZCI6IjE1In19@&#8221; _builder_version=&#8221;4.27.0&#8243; _dynamic_attributes=&#8221;url&#8221; _module_preset=&#8221;default&#8221; animation_style=&#8221;zoom&#8221; animation_duration=&#8221;600ms&#8221; animation_delay=&#8221;200ms&#8221; global_colors_info=&#8221;{}&#8221;][\/et_pb_image][\/et_pb_column][et_pb_column type=&#8221;1_4&#8243; _builder_version=&#8221;4.27.0&#8243; _module_preset=&#8221;default&#8221; global_colors_info=&#8221;{}&#8221;][et_pb_heading title=&#8221; CAD CAM&#8221; _builder_version=&#8221;4.27.0&#8243; _module_preset=&#8221;default&#8221; title_level=&#8221;h2&#8243; title_text_align=&#8221;center&#8221; custom_margin=&#8221;||0px||false|false&#8221; custom_padding=&#8221;||10px||false|false&#8221; global_colors_info=&#8221;{}&#8221;][\/et_pb_heading][et_pb_image src=&#8221;https:\/\/www.obrabeni-kovu.cz\/wp-content\/uploads\/2024\/09\/sluzby_cad_cam_2.jpg&#8221; url=&#8221;@ET-DC@eyJkeW5hbWljIjp0cnVlLCJjb250ZW50IjoicG9zdF9saW5rX3VybF9wYWdlIiwic2V0dGluZ3MiOnsicG9zdF9pZCI6IjE3In19@&#8221; _builder_version=&#8221;4.27.0&#8243; _dynamic_attributes=&#8221;url&#8221; _module_preset=&#8221;default&#8221; animation_style=&#8221;zoom&#8221; animation_duration=&#8221;600ms&#8221; animation_delay=&#8221;400ms&#8221; global_colors_info=&#8221;{}&#8221;][\/et_pb_image][\/et_pb_column][et_pb_column type=&#8221;1_4&#8243; _builder_version=&#8221;4.27.0&#8243; _module_preset=&#8221;default&#8221; global_colors_info=&#8221;{}&#8221;][et_pb_heading title=&#8221; Locksmith production&#8221; _builder_version=&#8221;4.27.0&#8243; _module_preset=&#8221;default&#8221; title_level=&#8221;h2&#8243; title_text_align=&#8221;center&#8221; custom_margin=&#8221;||0px||false|false&#8221; custom_padding=&#8221;||10px||false|false&#8221; global_colors_info=&#8221;{}&#8221;][\/et_pb_heading][et_pb_image src=&#8221;https:\/\/www.obrabeni-kovu.cz\/wp-content\/uploads\/2024\/09\/sluzby_zamecnicka_vyroba.jpg&#8221; url=&#8221;@ET-DC@eyJkeW5hbWljIjp0cnVlLCJjb250ZW50IjoicG9zdF9saW5rX3VybF9wYWdlIiwic2V0dGluZ3MiOnsicG9zdF9pZCI6IjE5In19@&#8221; _builder_version=&#8221;4.27.0&#8243; _dynamic_attributes=&#8221;url&#8221; _module_preset=&#8221;default&#8221; animation_style=&#8221;zoom&#8221; animation_duration=&#8221;600ms&#8221; animation_delay=&#8221;600ms&#8221; global_colors_info=&#8221;{}&#8221;][\/et_pb_image][\/et_pb_column][et_pb_column type=&#8221;1_4&#8243; _builder_version=&#8221;4.27.0&#8243; _module_preset=&#8221;default&#8221; global_colors_info=&#8221;{}&#8221;][et_pb_heading title=&#8221;Zinc plant&#8221; _builder_version=&#8221;4.27.0&#8243; _module_preset=&#8221;default&#8221; title_level=&#8221;h2&#8243; title_text_align=&#8221;center&#8221; custom_margin=&#8221;||0px||false|false&#8221; custom_padding=&#8221;||10px||false|false&#8221; global_colors_info=&#8221;{}&#8221;][\/et_pb_heading][et_pb_image src=&#8221;https:\/\/www.obrabeni-kovu.cz\/wp-content\/uploads\/2024\/09\/sluzby_zinkovna.jpg&#8221; url=&#8221;@ET-DC@eyJkeW5hbWljIjp0cnVlLCJjb250ZW50IjoicG9zdF9saW5rX3VybF9wYWdlIiwic2V0dGluZ3MiOnsicG9zdF9pZCI6IjIxIn19@&#8221; _builder_version=&#8221;4.27.0&#8243; _dynamic_attributes=&#8221;url&#8221; _module_preset=&#8221;default&#8221; animation_style=&#8221;zoom&#8221; animation_duration=&#8221;600ms&#8221; animation_delay=&#8221;800ms&#8221; global_colors_info=&#8221;{}&#8221;][\/et_pb_image][\/et_pb_column][\/et_pb_row][\/et_pb_section][et_pb_section fb_built=&#8221;1&#8243; _builder_version=&#8221;4.27.0&#8243; _module_preset=&#8221;default&#8221; background_color=&#8221;RGBA(255,255,255,0)&#8221; custom_margin=&#8221;0px||0px||false|false&#8221; custom_padding=&#8221;10px||0px||false|false&#8221; global_colors_info=&#8221;{}&#8221;][et_pb_row column_structure=&#8221;1_2,1_2&#8243; _builder_version=&#8221;4.27.0&#8243; _module_preset=&#8221;default&#8221; global_colors_info=&#8221;{}&#8221;][et_pb_column type=&#8221;1_2&#8243; _builder_version=&#8221;4.27.0&#8243; _module_preset=&#8221;default&#8221; global_colors_info=&#8221;{}&#8221;][et_pb_image src=&#8221;https:\/\/www.obrabeni-kovu.cz\/wp-content\/uploads\/2024\/09\/uvod_o_nas.jpg&#8221; show_in_lightbox=&#8221;on&#8221; _builder_version=&#8221;4.27.0&#8243; _module_preset=&#8221;default&#8221; animation_style=&#8221;slide&#8221; animation_direction=&#8221;left&#8221; animation_duration=&#8221;600ms&#8221; animation_delay=&#8221;200ms&#8221; global_colors_info=&#8221;{}&#8221;][\/et_pb_image][\/et_pb_column][et_pb_column type=&#8221;1_2&#8243; _builder_version=&#8221;4.27.0&#8243; _module_preset=&#8221;default&#8221; global_colors_info=&#8221;{}&#8221;][et_pb_text _builder_version=&#8221;4.27.0&#8243; _module_preset=&#8221;default&#8221; global_colors_info=&#8221;{}&#8221;]<\/p>\n<h2>About us<\/h2>\n<p>We are a Czech family established and prosperous company based in Roudnice nad Labem, we have been on the market since 1994.<\/p>\n<p>We rely on professionally performed work, quality preparation of production and adherence to contractual deadlines.<\/p>\n<p>As a smaller company with stable employees, we maintain an individual approach to each customer. We can provide complete custom production from the creation of production drawing documentation to a complete product with surface treatment and transport to you.<\/p>\n<p>We emphasize your requirements and therefore we are constantly expanding our services. Do not hesitate to contact us with non-standard requirements.<\/p>\n<p>[\/et_pb_text][\/et_pb_column][\/et_pb_row][\/et_pb_section][et_pb_section fb_built=&#8221;1&#8243; _builder_version=&#8221;4.27.0&#8243; _module_preset=&#8221;default&#8221; background_color=&#8221;RGBA(255,255,255,0)&#8221; custom_margin=&#8221;0px||40px||false|false&#8221; custom_padding=&#8221;0px||0px||false|false&#8221; global_colors_info=&#8221;{}&#8221;][et_pb_row column_structure=&#8221;1_3,1_3,1_3&#8243; _builder_version=&#8221;4.27.0&#8243; _module_preset=&#8221;default&#8221; custom_margin=&#8221;0px||||false|false&#8221; custom_padding=&#8221;0px||||false|false&#8221; global_colors_info=&#8221;{}&#8221;][et_pb_column type=&#8221;1_3&#8243; _builder_version=&#8221;4.27.0&#8243; _module_preset=&#8221;default&#8221; global_colors_info=&#8221;{}&#8221;][et_pb_image src=&#8221;https:\/\/www.obrabeni-kovu.cz\/wp-content\/uploads\/2024\/09\/uvod_areal_01.jpg&#8221; show_in_lightbox=&#8221;on&#8221; _builder_version=&#8221;4.27.0&#8243; _module_preset=&#8221;default&#8221; animation_style=&#8221;slide&#8221; animation_direction=&#8221;bottom&#8221; animation_duration=&#8221;600ms&#8221; animation_delay=&#8221;200ms&#8221; global_colors_info=&#8221;{}&#8221;][\/et_pb_image][\/et_pb_column][et_pb_column type=&#8221;1_3&#8243; _builder_version=&#8221;4.27.0&#8243; _module_preset=&#8221;default&#8221; global_colors_info=&#8221;{}&#8221;][et_pb_image src=&#8221;https:\/\/www.obrabeni-kovu.cz\/wp-content\/uploads\/2024\/09\/uvod_areal_02.jpg&#8221; show_in_lightbox=&#8221;on&#8221; _builder_version=&#8221;4.27.0&#8243; _module_preset=&#8221;default&#8221; animation_style=&#8221;slide&#8221; animation_direction=&#8221;bottom&#8221; animation_duration=&#8221;600ms&#8221; animation_delay=&#8221;200ms&#8221; global_colors_info=&#8221;{}&#8221;][\/et_pb_image][\/et_pb_column][et_pb_column type=&#8221;1_3&#8243; _builder_version=&#8221;4.27.0&#8243; _module_preset=&#8221;default&#8221; global_colors_info=&#8221;{}&#8221;][et_pb_image src=&#8221;https:\/\/www.obrabeni-kovu.cz\/wp-content\/uploads\/2024\/09\/uvod_areal_03.jpg&#8221; show_in_lightbox=&#8221;on&#8221; _builder_version=&#8221;4.27.0&#8243; _module_preset=&#8221;default&#8221; animation_style=&#8221;slide&#8221; animation_direction=&#8221;bottom&#8221; animation_duration=&#8221;600ms&#8221; animation_delay=&#8221;200ms&#8221; global_colors_info=&#8221;{}&#8221;][\/et_pb_image][\/et_pb_column][\/et_pb_row][\/et_pb_section][et_pb_section fb_built=&#8221;1&#8243; _builder_version=&#8221;4.27.0&#8243; _module_preset=&#8221;default&#8221; background_color=&#8221;#c9f2d7&#8243; custom_margin=&#8221;0px||0px||false|false&#8221; custom_padding=&#8221;10px||10px||false|false&#8221; border_width_top=&#8221;1px&#8221; border_color_top=&#8221;#00984c&#8221; border_width_bottom=&#8221;1px&#8221; border_color_bottom=&#8221;#00984c&#8221; global_colors_info=&#8221;{}&#8221;][et_pb_row _builder_version=&#8221;4.27.0&#8243; _module_preset=&#8221;default&#8221; global_colors_info=&#8221;{}&#8221;][et_pb_column type=&#8221;4_4&#8243; _builder_version=&#8221;4.27.0&#8243; _module_preset=&#8221;default&#8221; global_colors_info=&#8221;{}&#8221;][et_pb_text _builder_version=&#8221;4.27.0&#8243; _module_preset=&#8221;default&#8221; global_colors_info=&#8221;{}&#8221;]<\/p>\n<p>Our company operates in the field of engineering production. We machine all types of metals and plastics. We provide engineering services for industrial and energy production, focusing on piece custom production in small to medium series.<\/p>\n<p>We provide production drawing documentation, 3D design with implementation on a new CNC machining center. Production of gears, heat treatment, larger workpieces and their units, complete repair service, renovation and individual machine parts, including assembly and surface treatment.<\/p>\n<p>We provide plasma welding and cutting, cutting, loosening, production of frames, weldments and jigs. In our family business, we prefer quality craftsmanship, of course, always meeting deadlines.<\/p>\n<p>[\/et_pb_text][\/et_pb_column][\/et_pb_row][et_pb_row column_structure=&#8221;1_6,1_6,1_6,1_6,1_6,1_6&#8243; _builder_version=&#8221;4.27.0&#8243; _module_preset=&#8221;default&#8221; custom_margin=&#8221;0px||0px||false|false&#8221; custom_padding=&#8221;0px||20px||false|false&#8221; global_colors_info=&#8221;{}&#8221;][et_pb_column type=&#8221;1_6&#8243; _builder_version=&#8221;4.27.0&#8243; _module_preset=&#8221;default&#8221; global_colors_info=&#8221;{}&#8221;][et_pb_image src=&#8221;https:\/\/www.obrabeni-kovu.cz\/wp-content\/uploads\/2024\/09\/uvod_ukazka_08.jpg&#8221; show_in_lightbox=&#8221;on&#8221; _builder_version=&#8221;4.27.0&#8243; _module_preset=&#8221;default&#8221; animation_style=&#8221;slide&#8221; animation_direction=&#8221;bottom&#8221; animation_duration=&#8221;600ms&#8221; animation_delay=&#8221;200ms&#8221; global_colors_info=&#8221;{}&#8221;][\/et_pb_image][\/et_pb_column][et_pb_column type=&#8221;1_6&#8243; _builder_version=&#8221;4.27.0&#8243; _module_preset=&#8221;default&#8221; global_colors_info=&#8221;{}&#8221;][et_pb_image src=&#8221;https:\/\/www.obrabeni-kovu.cz\/wp-content\/uploads\/2024\/09\/uvod_ukazka_02.jpg&#8221; show_in_lightbox=&#8221;on&#8221; _builder_version=&#8221;4.27.0&#8243; _module_preset=&#8221;default&#8221; animation_style=&#8221;slide&#8221; animation_direction=&#8221;bottom&#8221; animation_duration=&#8221;600ms&#8221; animation_delay=&#8221;400ms&#8221; global_colors_info=&#8221;{}&#8221;][\/et_pb_image][\/et_pb_column][et_pb_column type=&#8221;1_6&#8243; _builder_version=&#8221;4.27.0&#8243; _module_preset=&#8221;default&#8221; global_colors_info=&#8221;{}&#8221;][et_pb_image src=&#8221;https:\/\/www.obrabeni-kovu.cz\/wp-content\/uploads\/2024\/09\/uvod_ukazka_09.jpg&#8221; show_in_lightbox=&#8221;on&#8221; _builder_version=&#8221;4.27.0&#8243; _module_preset=&#8221;default&#8221; animation_style=&#8221;slide&#8221; animation_direction=&#8221;bottom&#8221; animation_duration=&#8221;600ms&#8221; animation_delay=&#8221;600ms&#8221; global_colors_info=&#8221;{}&#8221;][\/et_pb_image][\/et_pb_column][et_pb_column type=&#8221;1_6&#8243; _builder_version=&#8221;4.27.0&#8243; _module_preset=&#8221;default&#8221; global_colors_info=&#8221;{}&#8221;][et_pb_image src=&#8221;https:\/\/www.obrabeni-kovu.cz\/wp-content\/uploads\/2024\/09\/uvod_ukazka_04.jpg&#8221; show_in_lightbox=&#8221;on&#8221; _builder_version=&#8221;4.27.0&#8243; _module_preset=&#8221;default&#8221; animation_style=&#8221;slide&#8221; animation_direction=&#8221;bottom&#8221; animation_duration=&#8221;600ms&#8221; animation_delay=&#8221;800ms&#8221; global_colors_info=&#8221;{}&#8221;][\/et_pb_image][\/et_pb_column][et_pb_column type=&#8221;1_6&#8243; _builder_version=&#8221;4.27.0&#8243; _module_preset=&#8221;default&#8221; global_colors_info=&#8221;{}&#8221;][et_pb_image src=&#8221;https:\/\/www.obrabeni-kovu.cz\/wp-content\/uploads\/2024\/09\/uvod_ukazka_05.jpg&#8221; show_in_lightbox=&#8221;on&#8221; _builder_version=&#8221;4.27.0&#8243; _module_preset=&#8221;default&#8221; animation_style=&#8221;slide&#8221; animation_direction=&#8221;bottom&#8221; animation_duration=&#8221;600ms&#8221; animation_delay=&#8221;1000ms&#8221; global_colors_info=&#8221;{}&#8221;][\/et_pb_image][\/et_pb_column][et_pb_column type=&#8221;1_6&#8243; _builder_version=&#8221;4.27.0&#8243; _module_preset=&#8221;default&#8221; global_colors_info=&#8221;{}&#8221;][et_pb_image src=&#8221;https:\/\/www.obrabeni-kovu.cz\/wp-content\/uploads\/2024\/09\/uvod_ukazka_01.jpg&#8221; show_in_lightbox=&#8221;on&#8221; _builder_version=&#8221;4.27.0&#8243; _module_preset=&#8221;default&#8221; animation_style=&#8221;slide&#8221; animation_direction=&#8221;bottom&#8221; animation_duration=&#8221;600ms&#8221; animation_delay=&#8221;1200ms&#8221; global_colors_info=&#8221;{}&#8221;][\/et_pb_image][\/et_pb_column][\/et_pb_row][\/et_pb_section][et_pb_section fb_built=&#8221;1&#8243; _builder_version=&#8221;4.27.0&#8243; _module_preset=&#8221;default&#8221; custom_margin=&#8221;0px||0px||false|false&#8221; custom_padding=&#8221;10px||20px||false|false&#8221; global_colors_info=&#8221;{}&#8221;][et_pb_row _builder_version=&#8221;4.27.0&#8243; _module_preset=&#8221;default&#8221; custom_margin=&#8221;0px||0px||false|false&#8221; custom_padding=&#8221;0px||0px||false|false&#8221; global_colors_info=&#8221;{}&#8221;][et_pb_column type=&#8221;4_4&#8243; _builder_version=&#8221;4.27.0&#8243; _module_preset=&#8221;default&#8221; global_colors_info=&#8221;{}&#8221;][et_pb_image src=&#8221;https:\/\/www.obrabeni-kovu.cz\/wp-content\/uploads\/2024\/09\/uvod_baner_kovoobrabeni_210222.jpg&#8221; _builder_version=&#8221;4.27.0&#8243; _module_preset=&#8221;default&#8221; global_colors_info=&#8221;{}&#8221;][\/et_pb_image][\/et_pb_column][\/et_pb_row][\/et_pb_section]<\/p>\n","protected":false},"excerpt":{"rendered":"<p>We cooperate with Facebook \u00a0\u00a0\u00a0\u00a0\u00a0\u00a0\u00a0 YouTubeAbout us We are a Czech family established and prosperous company based in Roudnice nad Labem, we have been on the market since 1994. We rely on professionally performed work, quality preparation of production and adherence to contractual deadlines. As a smaller company with stable employees, we maintain an individual [&hellip;]<\/p>\n","protected":false},"author":1,"featured_media":0,"parent":0,"menu_order":1,"comment_status":"closed","ping_status":"open","template":"","meta":{"_et_pb_use_builder":"on","_et_pb_old_content":"","_et_gb_content_width":"","footnotes":""},"class_list":["post-706","page","type-page","status-publish","hentry"],"_links":{"self":[{"href":"https:\/\/www.obrabeni-kovu.cz\/en\/wp-json\/wp\/v2\/pages\/706","targetHints":{"allow":["GET"]}}],"collection":[{"href":"https:\/\/www.obrabeni-kovu.cz\/en\/wp-json\/wp\/v2\/pages"}],"about":[{"href":"https:\/\/www.obrabeni-kovu.cz\/en\/wp-json\/wp\/v2\/types\/page"}],"author":[{"embeddable":true,"href":"https:\/\/www.obrabeni-kovu.cz\/en\/wp-json\/wp\/v2\/users\/1"}],"replies":[{"embeddable":true,"href":"https:\/\/www.obrabeni-kovu.cz\/en\/wp-json\/wp\/v2\/comments?post=706"}],"version-history":[{"count":6,"href":"https:\/\/www.obrabeni-kovu.cz\/en\/wp-json\/wp\/v2\/pages\/706\/revisions"}],"predecessor-version":[{"id":801,"href":"https:\/\/www.obrabeni-kovu.cz\/en\/wp-json\/wp\/v2\/pages\/706\/revisions\/801"}],"wp:attachment":[{"href":"https:\/\/www.obrabeni-kovu.cz\/en\/wp-json\/wp\/v2\/media?parent=706"}],"curies":[{"name":"wp","href":"https:\/\/api.w.org\/{rel}","templated":true}]}}