{"id":652,"date":"2024-09-11T08:39:55","date_gmt":"2024-09-11T06:39:55","guid":{"rendered":"https:\/\/www.obrabeni-kovu.cz\/contacts\/"},"modified":"2025-02-04T00:44:27","modified_gmt":"2025-02-03T23:44:27","slug":"contacts","status":"publish","type":"page","link":"https:\/\/www.obrabeni-kovu.cz\/en\/contacts\/","title":{"rendered":"Contacts"},"content":{"rendered":"<p>[et_pb_section fb_built=&#8221;1&#8243; _builder_version=&#8221;4.27.0&#8243; _module_preset=&#8221;default&#8221; background_color=&#8221;RGBA(255,255,255,0)&#8221; custom_margin=&#8221;0px||0px||false|false&#8221; custom_padding=&#8221;0px||0px||false|false&#8221; global_colors_info=&#8221;{}&#8221;][et_pb_row _builder_version=&#8221;4.27.0&#8243; _module_preset=&#8221;default&#8221; custom_padding=&#8221;40px||20px||false|false&#8221; global_colors_info=&#8221;{}&#8221;][et_pb_column type=&#8221;4_4&#8243; _builder_version=&#8221;4.27.0&#8243; _module_preset=&#8221;default&#8221; global_colors_info=&#8221;{}&#8221;][et_pb_post_title meta=&#8221;off&#8221; featured_image=&#8221;off&#8221; _builder_version=&#8221;4.27.0&#8243; _module_preset=&#8221;default&#8221; global_colors_info=&#8221;{}&#8221;][\/et_pb_post_title][\/et_pb_column][\/et_pb_row][\/et_pb_section][et_pb_section fb_built=&#8221;1&#8243; _builder_version=&#8221;4.27.0&#8243; _module_preset=&#8221;default&#8221; background_color=&#8221;RGBA(255,255,255,0)&#8221; custom_margin=&#8221;0px||0px||false|false&#8221; custom_padding=&#8221;0px||0px||false|false&#8221; global_colors_info=&#8221;{}&#8221;][et_pb_row column_structure=&#8221;1_2,1_2&#8243; _builder_version=&#8221;4.27.0&#8243; _module_preset=&#8221;default&#8221; custom_margin=&#8221;0px||0px||false|false&#8221; custom_padding=&#8221;0px||40px||false|false&#8221; global_colors_info=&#8221;{}&#8221;][et_pb_column type=&#8221;1_2&#8243; _builder_version=&#8221;4.27.0&#8243; _module_preset=&#8221;default&#8221; global_colors_info=&#8221;{}&#8221;][et_pb_text _builder_version=&#8221;4.27.3&#8243; _module_preset=&#8221;default&#8221; hover_enabled=&#8221;0&#8243; global_colors_info=&#8221;{}&#8221; sticky_enabled=&#8221;0&#8243;]<\/p>\n<p><strong>Company name:<\/strong><br \/>Kovoobr\u00e1b\u011bn\u00ed Neschner s.r.o.<\/p>\n<p><strong>Business address (headquarters):<\/strong><br \/>Chel\u010dick\u00e9ho 1349, Roudnice n.L. 413 01<br \/><strong>I\u010cO:<\/strong> 25425641<br \/><strong> DI\u010c:<\/strong> CZ25425641<\/p>\n<hr \/>\n<p><strong>Billing:<\/strong> Stanislava Sk\u0159iv\u00e1nkov\u00e1, 778 027 527<br \/><strong> E-mail:<\/strong> <a href=\"mailto:vyroba@obrabeni-kovu.cz\">vyroba@obrabeni-kovu.cz<\/a><\/p>\n<hr \/>\n<p><strong>Production:<\/strong> Ladislav \u010cern\u00fd, 774 068 198<br \/><strong> E-mail:<\/strong> <a href=\"mailto:obchod@obrabeni-kovu.cz\">obchod@obrabeni-kovu.cz<\/a><br \/><strong>Production:<\/strong> Miroslav Ma\u0165\u00e1k, 777 550 385<br \/><strong> E-mail:<\/strong> <a href=\"mailto:kovo@obrabeni-kovu.cz\">kovo@obrabeni-kovu.cz<\/a><a href=\"mailto:kovo@obrabeni-kovu.cz\"><\/a><\/p>\n<hr \/>\n<p><strong>Executive:<\/strong> Libor Neschner, 777 275 275<br \/><strong>Executive:<\/strong> Petr Neschner<br \/><strong>Executive:<\/strong> Zuzana Neschnerov\u00e1<br \/><strong> E-mail:<\/strong> <a href=\"mailto:info@obrabeni-kovu.cz\"><\/a><a href=\"mailto:info@obrabeni-kovu.cz\">info@obrabeni-kovu.cz<\/a><\/p>\n<hr \/>\n<p><strong>Web address:<\/strong> <a href=\"http:\/\/www.kovoobrabeni.cz\">www.kovoobrabeni.cz<\/a><br \/><strong>Web address:<\/strong> <a href=\"http:\/\/www.obrabeni-kovu.cz\">www.obrabeni-kovu.cz<\/a><br \/><strong> Zinkovna Du\u0161n\u00edky:<\/strong> <a href=\"http:\/\/www.zinkovna-dusniky.cz\" target=\"_blank\" rel=\"noopener noreferrer\">www.zinkovna-dusniky.cz<\/a><\/p>\n<p>[\/et_pb_text][et_pb_image src=&#8221;https:\/\/www.obrabeni-kovu.cz\/wp-content\/uploads\/2024\/09\/uvod_o_nas.jpg&#8221; title_text=&#8221;DCIM100MEDIADJI_0004.JPG&#8221; show_in_lightbox=&#8221;on&#8221; _builder_version=&#8221;4.27.0&#8243; _module_preset=&#8221;default&#8221; animation_style=&#8221;slide&#8221; animation_direction=&#8221;bottom&#8221; animation_duration=&#8221;600ms&#8221; animation_delay=&#8221;200ms&#8221; global_colors_info=&#8221;{}&#8221;][\/et_pb_image][\/et_pb_column][et_pb_column type=&#8221;1_2&#8243; _builder_version=&#8221;4.27.0&#8243; _module_preset=&#8221;default&#8221; global_colors_info=&#8221;{}&#8221;][et_pb_code _builder_version=&#8221;4.27.0&#8243; _module_preset=&#8221;default&#8221; border_width_all=&#8221;1px&#8221; border_color_all=&#8221;#808080&#8243; global_colors_info=&#8221;{}&#8221;]<iframe loading=\"lazy\" src=\"https:\/\/www.google.com\/maps\/embed?pb=!1m18!1m12!1m3!1d2541.5992242445077!2d14.287607051634575!3d50.429938296622524!2m3!1f0!2f0!3f0!3m2!1i1024!2i768!4f13.1!3m3!1m2!1s0x470bd77f66babd75%3A0x5c248e1b20310797!2zS292b29icsOhYsSbbsOtIE5lc2NobmVyIHMuci5vLg!5e0!3m2!1scs!2scz!4v1612783268742!5m2!1scs!2scz\" width=\"690\" height=\"690\" frameborder=\"0\" style=\"border:0;\" allowfullscreen=\"\" aria-hidden=\"false\" tabindex=\"0\"><\/iframe>[\/et_pb_code][\/et_pb_column][\/et_pb_row][\/et_pb_section]<\/p>\n","protected":false},"excerpt":{"rendered":"<p>Company name:Kovoobr\u00e1b\u011bn\u00ed Neschner s.r.o. Business address (headquarters):Chel\u010dick\u00e9ho 1349, Roudnice n.L. 413 01I\u010cO: 25425641 DI\u010c: CZ25425641 Billing: Stanislava Sk\u0159iv\u00e1nkov\u00e1, 778 027 527 E-mail: vyroba@obrabeni-kovu.cz Production: Ladislav \u010cern\u00fd, 774 068 198 E-mail: obchod@obrabeni-kovu.czProduction: Miroslav Ma\u0165\u00e1k, 777 550 385 E-mail: kovo@obrabeni-kovu.cz Executive: Libor Neschner, 777 275 275Executive: Petr NeschnerExecutive: Zuzana Neschnerov\u00e1 E-mail: info@obrabeni-kovu.cz Web address: www.kovoobrabeni.czWeb address: www.obrabeni-kovu.cz [&hellip;]<\/p>\n","protected":false},"author":1,"featured_media":0,"parent":0,"menu_order":5,"comment_status":"closed","ping_status":"closed","template":"","meta":{"_et_pb_use_builder":"on","_et_pb_old_content":"","_et_gb_content_width":"","footnotes":""},"class_list":["post-652","page","type-page","status-publish","hentry"],"_links":{"self":[{"href":"https:\/\/www.obrabeni-kovu.cz\/en\/wp-json\/wp\/v2\/pages\/652","targetHints":{"allow":["GET"]}}],"collection":[{"href":"https:\/\/www.obrabeni-kovu.cz\/en\/wp-json\/wp\/v2\/pages"}],"about":[{"href":"https:\/\/www.obrabeni-kovu.cz\/en\/wp-json\/wp\/v2\/types\/page"}],"author":[{"embeddable":true,"href":"https:\/\/www.obrabeni-kovu.cz\/en\/wp-json\/wp\/v2\/users\/1"}],"replies":[{"embeddable":true,"href":"https:\/\/www.obrabeni-kovu.cz\/en\/wp-json\/wp\/v2\/comments?post=652"}],"version-history":[{"count":6,"href":"https:\/\/www.obrabeni-kovu.cz\/en\/wp-json\/wp\/v2\/pages\/652\/revisions"}],"predecessor-version":[{"id":809,"href":"https:\/\/www.obrabeni-kovu.cz\/en\/wp-json\/wp\/v2\/pages\/652\/revisions\/809"}],"wp:attachment":[{"href":"https:\/\/www.obrabeni-kovu.cz\/en\/wp-json\/wp\/v2\/media?parent=652"}],"curies":[{"name":"wp","href":"https:\/\/api.w.org\/{rel}","templated":true}]}}