{"id":701,"date":"2024-09-11T11:39:28","date_gmt":"2024-09-11T09:39:28","guid":{"rendered":"https:\/\/www.obrabeni-kovu.cz\/kontakte\/"},"modified":"2025-02-04T00:45:22","modified_gmt":"2025-02-03T23:45:22","slug":"kontakte","status":"publish","type":"page","link":"https:\/\/www.obrabeni-kovu.cz\/de\/kontakte\/","title":{"rendered":"Kontakte"},"content":{"rendered":"<p>[et_pb_section fb_built=&#8220;1&#8243; _builder_version=&#8220;4.27.0&#8243; _module_preset=&#8220;default&#8220; background_color=&#8220;RGBA(255,255,255,0)&#8220; custom_margin=&#8220;0px||0px||false|false&#8220; custom_padding=&#8220;0px||0px||false|false&#8220; global_colors_info=&#8220;{}&#8220;][et_pb_row _builder_version=&#8220;4.27.0&#8243; _module_preset=&#8220;default&#8220; custom_padding=&#8220;40px||20px||false|false&#8220; global_colors_info=&#8220;{}&#8220;][et_pb_column type=&#8220;4_4&#8243; _builder_version=&#8220;4.27.0&#8243; _module_preset=&#8220;default&#8220; global_colors_info=&#8220;{}&#8220;][et_pb_post_title meta=&#8220;off&#8220; featured_image=&#8220;off&#8220; _builder_version=&#8220;4.27.0&#8243; _module_preset=&#8220;default&#8220; global_colors_info=&#8220;{}&#8220;][\/et_pb_post_title][\/et_pb_column][\/et_pb_row][\/et_pb_section][et_pb_section fb_built=&#8220;1&#8243; _builder_version=&#8220;4.27.0&#8243; _module_preset=&#8220;default&#8220; background_color=&#8220;RGBA(255,255,255,0)&#8220; custom_margin=&#8220;0px||0px||false|false&#8220; custom_padding=&#8220;0px||0px||false|false&#8220; global_colors_info=&#8220;{}&#8220;][et_pb_row column_structure=&#8220;1_2,1_2&#8243; _builder_version=&#8220;4.27.0&#8243; _module_preset=&#8220;default&#8220; custom_margin=&#8220;0px||0px||false|false&#8220; custom_padding=&#8220;0px||40px||false|false&#8220; global_colors_info=&#8220;{}&#8220;][et_pb_column type=&#8220;1_2&#8243; _builder_version=&#8220;4.27.0&#8243; _module_preset=&#8220;default&#8220; global_colors_info=&#8220;{}&#8220;][et_pb_text _builder_version=&#8220;4.27.3&#8243; _module_preset=&#8220;default&#8220; hover_enabled=&#8220;0&#8243; global_colors_info=&#8220;{}&#8220; sticky_enabled=&#8220;0&#8243;]<\/p>\n<p><strong>Name der Firma:<\/strong><br \/>Kovoobr\u00e1b\u011bn\u00ed Neschner s.r.o.<\/p>\n<p><strong>Gesch\u00e4ftsadresse (Hauptquartier):<\/strong><br \/>Chel\u010dick\u00e9ho 1349, Roudnice n.L. 413 01<br \/><strong>I\u010cO:<\/strong> 25425641<br \/><strong> DI\u010c:<\/strong> CZ25425641<\/p>\n<hr \/>\n<p><strong>Fakturierung:<\/strong> Stanislava Sk\u0159iv\u00e1nkov\u00e1, 778 027 527<br \/><strong> E-mail:<\/strong> <a href=\"mailto:vyroba@obrabeni-kovu.cz\">vyroba@obrabeni-kovu.cz<\/a><\/p>\n<hr \/>\n<p><strong>Produktion:<\/strong> Ladislav \u010cern\u00fd, 774 068 198<br \/><strong> E-mail:<\/strong> <a href=\"mailto:obchod@obrabeni-kovu.cz\">obchod@obrabeni-kovu.cz<\/a><br \/><strong> Produktion:<\/strong> Miroslav Ma\u0165\u00e1k, 777 550 385<br \/><strong> E-mail:<\/strong> <a href=\"mailto:kovo@obrabeni-kovu.cz\">kovo@obrabeni-kovu.cz<\/a><a href=\"mailto:kovo@obrabeni-kovu.cz\"><\/a><\/p>\n<hr \/>\n<p><strong>Gesch\u00e4ftsf\u00fchrer:<\/strong> Libor Neschner, 777 275 275<br \/><strong> Gesch\u00e4ftsf\u00fchrer:<\/strong> Petr Neschner<br \/><strong> Gesch\u00e4ftsf\u00fchrer:<\/strong> Zuzana Neschnerov\u00e1<br \/><strong> E-mail:<\/strong> <a href=\"mailto:info@obrabeni-kovu.cz\"><\/a><a href=\"mailto:info@obrabeni-kovu.cz\">info@obrabeni-kovu.cz<\/a><\/p>\n<hr \/>\n<p><strong>Webseitenadressse:<\/strong> <a href=\"http:\/\/www.kovoobrabeni.cz\">www.kovoobrabeni.cz<\/a><br \/><strong>Webseitenadressse:<\/strong> <a href=\"http:\/\/www.obrabeni-kovu.cz\">www.obrabeni-kovu.cz<\/a><br \/><strong> Zinkovna Du\u0161n\u00edky:<\/strong> <a href=\"http:\/\/www.zinkovna-dusniky.cz\" target=\"_blank\" rel=\"noopener noreferrer\">www.zinkovna-dusniky.cz<\/a><\/p>\n<p>[\/et_pb_text][et_pb_image src=&#8220;https:\/\/www.obrabeni-kovu.cz\/wp-content\/uploads\/2024\/09\/uvod_o_nas.jpg&#8220; title_text=&#8220;DCIM100MEDIADJI_0004.JPG&#8220; show_in_lightbox=&#8220;on&#8220; _builder_version=&#8220;4.27.0&#8243; _module_preset=&#8220;default&#8220; animation_style=&#8220;slide&#8220; animation_direction=&#8220;bottom&#8220; animation_duration=&#8220;600ms&#8220; animation_delay=&#8220;200ms&#8220; global_colors_info=&#8220;{}&#8220;][\/et_pb_image][\/et_pb_column][et_pb_column type=&#8220;1_2&#8243; _builder_version=&#8220;4.27.0&#8243; _module_preset=&#8220;default&#8220; global_colors_info=&#8220;{}&#8220;][et_pb_code _builder_version=&#8220;4.27.0&#8243; _module_preset=&#8220;default&#8220; border_width_all=&#8220;1px&#8220; border_color_all=&#8220;#808080&#8243; global_colors_info=&#8220;{}&#8220;]<iframe loading=\"lazy\" src=\"https:\/\/www.google.com\/maps\/embed?pb=!1m18!1m12!1m3!1d2541.5992242445077!2d14.287607051634575!3d50.429938296622524!2m3!1f0!2f0!3f0!3m2!1i1024!2i768!4f13.1!3m3!1m2!1s0x470bd77f66babd75%3A0x5c248e1b20310797!2zS292b29icsOhYsSbbsOtIE5lc2NobmVyIHMuci5vLg!5e0!3m2!1scs!2scz!4v1612783268742!5m2!1scs!2scz\" width=\"690\" height=\"690\" frameborder=\"0\" style=\"border:0;\" allowfullscreen=\"\" aria-hidden=\"false\" tabindex=\"0\"><\/iframe>[\/et_pb_code][\/et_pb_column][\/et_pb_row][\/et_pb_section]<\/p>\n","protected":false},"excerpt":{"rendered":"<p>Name der Firma:Kovoobr\u00e1b\u011bn\u00ed Neschner s.r.o. Gesch\u00e4ftsadresse (Hauptquartier):Chel\u010dick\u00e9ho 1349, Roudnice n.L. 413 01I\u010cO: 25425641 DI\u010c: CZ25425641 Fakturierung: Stanislava Sk\u0159iv\u00e1nkov\u00e1, 778 027 527 E-mail: vyroba@obrabeni-kovu.cz Produktion: Ladislav \u010cern\u00fd, 774 068 198 E-mail: obchod@obrabeni-kovu.cz Produktion: Miroslav Ma\u0165\u00e1k, 777 550 385 E-mail: kovo@obrabeni-kovu.cz Gesch\u00e4ftsf\u00fchrer: Libor Neschner, 777 275 275 Gesch\u00e4ftsf\u00fchrer: Petr Neschner Gesch\u00e4ftsf\u00fchrer: Zuzana Neschnerov\u00e1 E-mail: info@obrabeni-kovu.cz Webseitenadressse: www.kovoobrabeni.czWebseitenadressse: [&hellip;]<\/p>\n","protected":false},"author":1,"featured_media":0,"parent":0,"menu_order":5,"comment_status":"closed","ping_status":"closed","template":"","meta":{"_et_pb_use_builder":"on","_et_pb_old_content":"","_et_gb_content_width":"","footnotes":""},"class_list":["post-701","page","type-page","status-publish","hentry"],"_links":{"self":[{"href":"https:\/\/www.obrabeni-kovu.cz\/de\/wp-json\/wp\/v2\/pages\/701","targetHints":{"allow":["GET"]}}],"collection":[{"href":"https:\/\/www.obrabeni-kovu.cz\/de\/wp-json\/wp\/v2\/pages"}],"about":[{"href":"https:\/\/www.obrabeni-kovu.cz\/de\/wp-json\/wp\/v2\/types\/page"}],"author":[{"embeddable":true,"href":"https:\/\/www.obrabeni-kovu.cz\/de\/wp-json\/wp\/v2\/users\/1"}],"replies":[{"embeddable":true,"href":"https:\/\/www.obrabeni-kovu.cz\/de\/wp-json\/wp\/v2\/comments?post=701"}],"version-history":[{"count":6,"href":"https:\/\/www.obrabeni-kovu.cz\/de\/wp-json\/wp\/v2\/pages\/701\/revisions"}],"predecessor-version":[{"id":811,"href":"https:\/\/www.obrabeni-kovu.cz\/de\/wp-json\/wp\/v2\/pages\/701\/revisions\/811"}],"wp:attachment":[{"href":"https:\/\/www.obrabeni-kovu.cz\/de\/wp-json\/wp\/v2\/media?parent=701"}],"curies":[{"name":"wp","href":"https:\/\/api.w.org\/{rel}","templated":true}]}}