{"id":694,"date":"2024-09-11T11:31:52","date_gmt":"2024-09-11T09:31:52","guid":{"rendered":"https:\/\/www.obrabeni-kovu.cz\/job\/"},"modified":"2024-09-11T11:31:54","modified_gmt":"2024-09-11T09:31:54","slug":"job","status":"publish","type":"page","link":"https:\/\/www.obrabeni-kovu.cz\/de\/job\/","title":{"rendered":"Job"},"content":{"rendered":"<p>[et_pb_section fb_built=&#8220;1&#8243; theme_builder_area=&#8220;post_content&#8220; _builder_version=&#8220;4.27.0&#8243; _module_preset=&#8220;default&#8220; background_color=&#8220;RGBA(255,255,255,0)&#8220; hover_enabled=&#8220;0&#8243; sticky_enabled=&#8220;0&#8243; custom_margin=&#8220;0px||0px||false|false&#8220; custom_padding=&#8220;0px||0px||false|false&#8220;][et_pb_row _builder_version=&#8220;4.27.0&#8243; _module_preset=&#8220;default&#8220; theme_builder_area=&#8220;post_content&#8220; custom_margin=&#8220;0px||0px||false|false&#8220; custom_padding=&#8220;40px||20px||false|false&#8220; hover_enabled=&#8220;0&#8243; sticky_enabled=&#8220;0&#8243;][et_pb_column _builder_version=&#8220;4.27.0&#8243; _module_preset=&#8220;default&#8220; type=&#8220;4_4&#8243; theme_builder_area=&#8220;post_content&#8220;][et_pb_post_title _builder_version=&#8220;4.27.0&#8243; _module_preset=&#8220;default&#8220; theme_builder_area=&#8220;post_content&#8220; meta=&#8220;off&#8220; featured_image=&#8220;off&#8220; hover_enabled=&#8220;0&#8243; sticky_enabled=&#8220;0&#8243;][\/et_pb_post_title][\/et_pb_column][\/et_pb_row][\/et_pb_section][et_pb_section fb_built=&#8220;1&#8243; theme_builder_area=&#8220;post_content&#8220; _builder_version=&#8220;4.27.0&#8243; _module_preset=&#8220;default&#8220; background_color=&#8220;RGBA(255,255,255,0)&#8220; custom_margin=&#8220;0px||0px||false|false&#8220; custom_padding=&#8220;0px||0px||false|false&#8220; hover_enabled=&#8220;0&#8243; sticky_enabled=&#8220;0&#8243;][et_pb_row _builder_version=&#8220;4.27.0&#8243; _module_preset=&#8220;default&#8220; theme_builder_area=&#8220;post_content&#8220; column_structure=&#8220;1_2,1_2&#8243; custom_margin=&#8220;0px||||false|false&#8220; custom_padding=&#8220;0px||||false|false&#8220; hover_enabled=&#8220;0&#8243; sticky_enabled=&#8220;0&#8243;][et_pb_column _builder_version=&#8220;4.27.0&#8243; _module_preset=&#8220;default&#8220; type=&#8220;1_2&#8243; theme_builder_area=&#8220;post_content&#8220;][et_pb_text _builder_version=&#8220;4.27.0&#8243; _module_preset=&#8220;default&#8220; theme_builder_area=&#8220;post_content&#8220; hover_enabled=&#8220;0&#8243; sticky_enabled=&#8220;0&#8243; custom_padding=&#8220;10px||||false|false&#8220;]<\/p>\n<h3>Schlosser<\/h3>\n<p>Wir erweitern die Produktion und stellen einen zuverl\u00e4ssigen Kollegen f\u00fcr unser Team ein. Betrieb einer Metallbearbeitungsmaschine sowohl CNC als auch klassisch, Erfahrung mit der Programmierung von Vorteil. Erfahrung mit Aufma\u00df- und Zeichnungsdokumentation.<\/p>\n<p>F\u00fcr die Hauptbesch\u00e4ftigung nur Morgenschicht. \u00dcberdurchschnittliche Gehaltsbewertung, langfristige perspektivische Zusammenarbeit mit der M\u00f6glichkeit des Wachstums. Hintergrund eines starken Unternehmens. Wir freuen uns.<\/p>\n<p>&nbsp;<\/p>\n<h3>Technologe &#8211; Programmierer<\/h3>\n<p>Treten Sie unserem Familienunternehmensteam bei: Haben Sie analytische F\u00e4higkeiten und konzeptionelles Denken? Wir ben\u00f6tigen Erfahrung mit dem Zeichnen und Programmieren der CAD CAM-Erstellung digitaler Modelle. <\/p>\n<p><strong>Gespr\u00e4chspartner:<\/strong> <br \/>Libor Neschner tel. 777 275 275 email: <a href=\"mailto:info@obrabeni-kovu.cz\">info@obrabeni-kovu.cz<\/a><\/p>\n<p>[\/et_pb_text][et_pb_image src=&#8220;https:\/\/www.obrabeni-kovu.cz\/wp-content\/uploads\/2024\/09\/uvod_o_nas.jpg&#8220; _builder_version=&#8220;4.27.0&#8243; _module_preset=&#8220;default&#8220; theme_builder_area=&#8220;post_content&#8220; animation_style=&#8220;slide&#8220; animation_direction=&#8220;bottom&#8220; animation_duration=&#8220;600ms&#8220; animation_delay=&#8220;200ms&#8220; hover_enabled=&#8220;0&#8243; sticky_enabled=&#8220;0&#8243; show_in_lightbox=&#8220;on&#8220;][\/et_pb_image][\/et_pb_column][et_pb_column _builder_version=&#8220;4.27.0&#8243; _module_preset=&#8220;default&#8220; type=&#8220;1_2&#8243; theme_builder_area=&#8220;post_content&#8220;][et_pb_image src=&#8220;https:\/\/www.obrabeni-kovu.cz\/wp-content\/uploads\/2024\/09\/nabidka_pracovnich_mist_210222.jpg&#8220; _builder_version=&#8220;4.27.0&#8243; _module_preset=&#8220;default&#8220; theme_builder_area=&#8220;post_content&#8220; title_text=&#8220;Job&#8220; show_in_lightbox=&#8220;on&#8220; custom_margin=&#8220;0px||0px||false|false&#8220; custom_padding=&#8220;0px||0px||false|false&#8220; animation_style=&#8220;slide&#8220; animation_direction=&#8220;right&#8220; animation_duration=&#8220;600ms&#8220; animation_delay=&#8220;200ms&#8220; hover_enabled=&#8220;0&#8243; sticky_enabled=&#8220;0&#8243; alt=&#8220;Job&#8220;][\/et_pb_image][\/et_pb_column][\/et_pb_row][\/et_pb_section]<\/p>\n","protected":false},"excerpt":{"rendered":"<p>Schlosser Wir erweitern die Produktion und stellen einen zuverl\u00e4ssigen Kollegen f\u00fcr unser Team ein. Betrieb einer Metallbearbeitungsmaschine sowohl CNC als auch klassisch, Erfahrung mit der Programmierung von Vorteil. Erfahrung mit Aufma\u00df- und Zeichnungsdokumentation. F\u00fcr die Hauptbesch\u00e4ftigung nur Morgenschicht. \u00dcberdurchschnittliche Gehaltsbewertung, langfristige perspektivische Zusammenarbeit mit der M\u00f6glichkeit des Wachstums. Hintergrund eines starken Unternehmens. Wir freuen uns. [&hellip;]<\/p>\n","protected":false},"author":1,"featured_media":0,"parent":0,"menu_order":3,"comment_status":"closed","ping_status":"closed","template":"","meta":{"_et_pb_use_builder":"on","_et_pb_old_content":"","_et_gb_content_width":"","footnotes":""},"class_list":["post-694","page","type-page","status-publish","hentry"],"_links":{"self":[{"href":"https:\/\/www.obrabeni-kovu.cz\/de\/wp-json\/wp\/v2\/pages\/694","targetHints":{"allow":["GET"]}}],"collection":[{"href":"https:\/\/www.obrabeni-kovu.cz\/de\/wp-json\/wp\/v2\/pages"}],"about":[{"href":"https:\/\/www.obrabeni-kovu.cz\/de\/wp-json\/wp\/v2\/types\/page"}],"author":[{"embeddable":true,"href":"https:\/\/www.obrabeni-kovu.cz\/de\/wp-json\/wp\/v2\/users\/1"}],"replies":[{"embeddable":true,"href":"https:\/\/www.obrabeni-kovu.cz\/de\/wp-json\/wp\/v2\/comments?post=694"}],"version-history":[{"count":2,"href":"https:\/\/www.obrabeni-kovu.cz\/de\/wp-json\/wp\/v2\/pages\/694\/revisions"}],"predecessor-version":[{"id":696,"href":"https:\/\/www.obrabeni-kovu.cz\/de\/wp-json\/wp\/v2\/pages\/694\/revisions\/696"}],"wp:attachment":[{"href":"https:\/\/www.obrabeni-kovu.cz\/de\/wp-json\/wp\/v2\/media?parent=694"}],"curies":[{"name":"wp","href":"https:\/\/api.w.org\/{rel}","templated":true}]}}