{"id":678,"date":"2024-09-11T11:22:31","date_gmt":"2024-09-11T09:22:31","guid":{"rendered":"https:\/\/www.obrabeni-kovu.cz\/dienstleistungen\/cnc-bearbeitung\/"},"modified":"2024-09-11T11:22:32","modified_gmt":"2024-09-11T09:22:32","slug":"cnc-bearbeitung","status":"publish","type":"page","link":"https:\/\/www.obrabeni-kovu.cz\/de\/dienstleistungen\/cnc-bearbeitung\/","title":{"rendered":"CNC-Bearbeitung"},"content":{"rendered":"<p>[et_pb_section fb_built=&#8220;1&#8243; _builder_version=&#8220;4.27.0&#8243; _module_preset=&#8220;default&#8220; background_color=&#8220;RGBA(255,255,255,0)&#8220; custom_margin=&#8220;0px||0px||false|false&#8220; custom_padding=&#8220;0px||0px||false|false&#8220; global_colors_info=&#8220;{}&#8220;][et_pb_row _builder_version=&#8220;4.27.0&#8243; _module_preset=&#8220;default&#8220; global_colors_info=&#8220;{}&#8220;][et_pb_column type=&#8220;4_4&#8243; _builder_version=&#8220;4.27.0&#8243; _module_preset=&#8220;default&#8220; global_colors_info=&#8220;{}&#8220;][et_pb_post_title meta=&#8220;off&#8220; featured_image=&#8220;off&#8220; _builder_version=&#8220;4.27.0&#8243; _module_preset=&#8220;default&#8220; global_colors_info=&#8220;{}&#8220;][\/et_pb_post_title][\/et_pb_column][\/et_pb_row][et_pb_row column_structure=&#8220;1_2,1_2&#8243; _builder_version=&#8220;4.27.0&#8243; _module_preset=&#8220;default&#8220; custom_margin=&#8220;0px||||false|false&#8220; custom_padding=&#8220;0px||||false|false&#8220; global_colors_info=&#8220;{}&#8220;][et_pb_column type=&#8220;1_2&#8243; _builder_version=&#8220;4.27.0&#8243; _module_preset=&#8220;default&#8220; global_colors_info=&#8220;{}&#8220;][et_pb_text _builder_version=&#8220;4.27.0&#8243; _module_preset=&#8220;default&#8220; global_colors_info=&#8220;{}&#8220;]<\/p>\n<p><strong>Die CNC-Maschine ist aus dem Englischen \u00fcbersetzt: Computer Numerical Control \u2013 Computer numerisch gesteuert.<\/strong><\/p>\n<p>Diese numerisch gesteuerten Maschinen sind heute ein wesentlicher Bestandteil unserer Produktion \u2013 Drehen, Fr\u00e4sen, Bohren, Schleifen. Mit diesen Maschinen k\u00f6nnen maximale Pr\u00e4zision und dreidimensionale Formen erreicht werden.<\/p>\n<p>Herstellung von technologischen Teilen nach CNC-Programmen. Produktion von Teilen auf Bestellung nach Kundenwunsch.<\/p>\n<p><strong>Konventionelle Bearbeitung<\/strong>, Es gibt immer noch Teile, die nur mit herk\u00f6mmlichen Maschinen hergestellt werden k\u00f6nnen: Wir wenden uns einem Durchmesser von 1400 mm und einer L\u00e4nge von max. 5000 mm zu. Werkst\u00fcckgewicht 3,5 t.<\/p>\n<p>[\/et_pb_text][\/et_pb_column][et_pb_column type=&#8220;1_2&#8243; _builder_version=&#8220;4.27.0&#8243; _module_preset=&#8220;default&#8220; global_colors_info=&#8220;{}&#8220;][et_pb_image src=&#8220;https:\/\/www.obrabeni-kovu.cz\/wp-content\/uploads\/2024\/09\/cnc_obrabeni.jpg&#8220; title_text=&#8220;CNC-Bearbeitung&#8220; _builder_version=&#8220;4.27.0&#8243; _module_preset=&#8220;default&#8220; animation_style=&#8220;slide&#8220; animation_direction=&#8220;right&#8220; animation_duration=&#8220;600ms&#8220; animation_delay=&#8220;200ms&#8220; hover_enabled=&#8220;0&#8243; global_colors_info=&#8220;{}&#8220; show_in_lightbox=&#8220;on&#8220; sticky_enabled=&#8220;0&#8243;][\/et_pb_image][\/et_pb_column][\/et_pb_row][\/et_pb_section][et_pb_section fb_built=&#8220;1&#8243; _builder_version=&#8220;4.27.0&#8243; _module_preset=&#8220;default&#8220; background_color=&#8220;#c9f2d7&#8243; custom_margin=&#8220;0px||0px||false|false&#8220; custom_padding=&#8220;0px||0px||false|false&#8220; border_width_top=&#8220;1px&#8220; border_color_top=&#8220;gcid-heading-color&#8220; border_width_bottom=&#8220;1px&#8220; border_color_bottom=&#8220;gcid-heading-color&#8220; global_colors_info=&#8220;{%22gcid-heading-color%22:%91%22border_color_top%22,%22border_color_bottom%22%93}&#8220;][et_pb_row _builder_version=&#8220;4.27.0&#8243; _module_preset=&#8220;default&#8220; global_colors_info=&#8220;{}&#8220;][et_pb_column type=&#8220;4_4&#8243; _builder_version=&#8220;4.27.0&#8243; _module_preset=&#8220;default&#8220; global_colors_info=&#8220;{}&#8220;][et_pb_text _builder_version=&#8220;4.27.0&#8243; _module_preset=&#8220;default&#8220; global_colors_info=&#8220;{}&#8220;]<\/p>\n<h3>3D-Programmiertechnik<\/h3>\n<p>Die Solid Edge 3D CAD-Software und CAM NX12 von Siemens sind eine Komplettl\u00f6sung f\u00fcr die CNC-Bearbeitung. Die Verbindung zwischen Steuerung und Maschine. Verwendung von Zeichnungen von Maschinenteilen und deren Baugruppen, wie z formulare usw.<\/p>\n<p>Wir sorgen f\u00fcr die Verformung besch\u00e4digter Teile und die Erstellung von Zeichnungsunterlagen.<\/p>\n<p>[\/et_pb_text][\/et_pb_column][\/et_pb_row][\/et_pb_section][et_pb_section fb_built=&#8220;1&#8243; _builder_version=&#8220;4.27.0&#8243; _module_preset=&#8220;default&#8220; background_color=&#8220;RGBA(255,255,255,0)&#8220; custom_margin=&#8220;0px||0px||false|false&#8220; custom_padding=&#8220;0px||20px||false|false&#8220; global_colors_info=&#8220;{}&#8220;][et_pb_row use_custom_gutter=&#8220;on&#8220; gutter_width=&#8220;1&#8243; _builder_version=&#8220;4.27.0&#8243; _module_preset=&#8220;default&#8220; global_colors_info=&#8220;{}&#8220;][et_pb_column type=&#8220;4_4&#8243; _builder_version=&#8220;4.27.0&#8243; _module_preset=&#8220;default&#8220; global_colors_info=&#8220;{}&#8220;][et_pb_gallery gallery_ids=&#8220;232,235,605,608,596,590,593,560,563,611,566,569,572,575,578,581,584,587,614&#8243; posts_number=&#8220;19&#8243; show_title_and_caption=&#8220;off&#8220; show_pagination=&#8220;off&#8220; zoom_icon_color=&#8220;RGBA(255,255,255,0)&#8220; hover_overlay_color=&#8220;RGBA(255,255,255,0.32)&#8220; _builder_version=&#8220;4.27.0&#8243; _module_preset=&#8220;default&#8220; custom_padding=&#8220;||50px||false|false&#8220; global_colors_info=&#8220;{}&#8220;][\/et_pb_gallery][et_pb_text _builder_version=&#8220;4.27.0&#8243; _module_preset=&#8220;default&#8220; global_colors_info=&#8220;{}&#8220;]<\/p>\n<hr>\n<p>[\/et_pb_text][et_pb_text _builder_version=&#8220;4.27.0&#8243; _module_preset=&#8220;default&#8220; custom_padding=&#8220;20px||||false|false&#8220; global_colors_info=&#8220;{}&#8220;]<\/p>\n<p>Die CNC-Bearbeitung ist eine numerisch gesteuerte Maschine, die mit hoher Pr\u00e4zision produzieren kann und das Drehen und Fr\u00e4sen bei hohen Geschwindigkeiten gew\u00e4hrleistet, wenn eine glatte Oberfl\u00e4che erreicht wird. Dabei wird haupts\u00e4chlich Form in Kombination mit 3D-Programmierung verwendet. Dar\u00fcber hinaus ist Bohren, Gewindeschneiden und Kreisinterpolation f\u00fcr das Bearbeitungszentrum selbstverst\u00e4ndlich und um diese Maschine numerisch steuern zu k\u00f6nnen (R\u00fcckmeldung zwischen Steuersystem und Maschine, Antriebe: Servoantriebe und Schrittantriebe).<br \/>Herstellung von Sonderteilen. Wohnaccessoires, Teile f\u00fcr Motorr\u00e4der und Hubschrauber.<\/p>\n<p>Im Sommer 2012 haben wir Solid Edge 3D CAD-Software und CAM Express eine Komplettl\u00f6sung f\u00fcr die CNC-Bearbeitung f\u00fcr unsere CNC-Bearbeitung erworben. Derzeit k\u00f6nnen wir 3-Achsen-Formbearbeitungen wie Eins\u00e4tze, Formen usw. anbieten. Beim klassischen Drehen k\u00f6nnen wir max. drehdurchmesser 1400mm und max. drehl\u00e4nge 5000mm Zylinder etc.<\/p>\n<p>[\/et_pb_text][\/et_pb_column][\/et_pb_row][\/et_pb_section]<\/p>\n","protected":false},"excerpt":{"rendered":"<p>Die CNC-Maschine ist aus dem Englischen \u00fcbersetzt: Computer Numerical Control \u2013 Computer numerisch gesteuert. Diese numerisch gesteuerten Maschinen sind heute ein wesentlicher Bestandteil unserer Produktion \u2013 Drehen, Fr\u00e4sen, Bohren, Schleifen. Mit diesen Maschinen k\u00f6nnen maximale Pr\u00e4zision und dreidimensionale Formen erreicht werden. Herstellung von technologischen Teilen nach CNC-Programmen. Produktion von Teilen auf Bestellung nach Kundenwunsch. Konventionelle [&hellip;]<\/p>\n","protected":false},"author":1,"featured_media":0,"parent":624,"menu_order":1,"comment_status":"closed","ping_status":"closed","template":"","meta":{"_et_pb_use_builder":"on","_et_pb_old_content":"","_et_gb_content_width":"","footnotes":""},"class_list":["post-678","page","type-page","status-publish","hentry"],"_links":{"self":[{"href":"https:\/\/www.obrabeni-kovu.cz\/de\/wp-json\/wp\/v2\/pages\/678","targetHints":{"allow":["GET"]}}],"collection":[{"href":"https:\/\/www.obrabeni-kovu.cz\/de\/wp-json\/wp\/v2\/pages"}],"about":[{"href":"https:\/\/www.obrabeni-kovu.cz\/de\/wp-json\/wp\/v2\/types\/page"}],"author":[{"embeddable":true,"href":"https:\/\/www.obrabeni-kovu.cz\/de\/wp-json\/wp\/v2\/users\/1"}],"replies":[{"embeddable":true,"href":"https:\/\/www.obrabeni-kovu.cz\/de\/wp-json\/wp\/v2\/comments?post=678"}],"version-history":[{"count":3,"href":"https:\/\/www.obrabeni-kovu.cz\/de\/wp-json\/wp\/v2\/pages\/678\/revisions"}],"predecessor-version":[{"id":681,"href":"https:\/\/www.obrabeni-kovu.cz\/de\/wp-json\/wp\/v2\/pages\/678\/revisions\/681"}],"up":[{"embeddable":true,"href":"https:\/\/www.obrabeni-kovu.cz\/de\/wp-json\/wp\/v2\/pages\/624"}],"wp:attachment":[{"href":"https:\/\/www.obrabeni-kovu.cz\/de\/wp-json\/wp\/v2\/media?parent=678"}],"curies":[{"name":"wp","href":"https:\/\/api.w.org\/{rel}","templated":true}]}}