{"id":624,"date":"2024-09-10T22:44:09","date_gmt":"2024-09-10T20:44:09","guid":{"rendered":"https:\/\/www.obrabeni-kovu.cz\/dienstleistungen\/"},"modified":"2024-09-11T11:15:42","modified_gmt":"2024-09-11T09:15:42","slug":"dienstleistungen","status":"publish","type":"page","link":"https:\/\/www.obrabeni-kovu.cz\/de\/dienstleistungen\/","title":{"rendered":"Dienstleistungen"},"content":{"rendered":"<p>[et_pb_section fb_built=&#8220;1&#8243; _builder_version=&#8220;4.27.0&#8243; _module_preset=&#8220;default&#8220; background_color=&#8220;RGBA(255,255,255,0)&#8220; custom_margin=&#8220;0px||0px||false|false&#8220; custom_padding=&#8220;0px||0px||false|false&#8220; global_colors_info=&#8220;{}&#8220;][et_pb_row _builder_version=&#8220;4.27.0&#8243; _module_preset=&#8220;default&#8220; custom_margin=&#8220;0px||0px||false|false&#8220; custom_padding=&#8220;40px||20px||false|false&#8220; global_colors_info=&#8220;{}&#8220;][et_pb_column type=&#8220;4_4&#8243; _builder_version=&#8220;4.27.0&#8243; _module_preset=&#8220;default&#8220; global_colors_info=&#8220;{}&#8220;][et_pb_post_title meta=&#8220;off&#8220; featured_image=&#8220;off&#8220; _builder_version=&#8220;4.27.0&#8243; _module_preset=&#8220;default&#8220; global_colors_info=&#8220;{}&#8220;][\/et_pb_post_title][\/et_pb_column][\/et_pb_row][\/et_pb_section][et_pb_section fb_built=&#8220;1&#8243; _builder_version=&#8220;4.27.0&#8243; _module_preset=&#8220;default&#8220; background_color=&#8220;RGBA(255,255,255,0)&#8220; custom_margin=&#8220;0px||0px||false|false&#8220; custom_padding=&#8220;0px||0px||false|false&#8220; global_colors_info=&#8220;{}&#8220;][et_pb_row _builder_version=&#8220;4.27.0&#8243; _module_preset=&#8220;default&#8220; custom_margin=&#8220;0px||0px||false|false&#8220; custom_padding=&#8220;0px||40px||false|false&#8220; global_colors_info=&#8220;{}&#8220;][et_pb_column type=&#8220;4_4&#8243; _builder_version=&#8220;4.27.0&#8243; _module_preset=&#8220;default&#8220; global_colors_info=&#8220;{}&#8220;][et_pb_text _builder_version=&#8220;4.27.0&#8243; _module_preset=&#8220;default&#8220; custom_margin=&#8220;||||false|false&#8220; custom_padding=&#8220;||||false|false&#8220; global_colors_info=&#8220;{}&#8220;]<\/p>\n<p>Unser Unternehmen ist im Bereich der technischen Produktion t\u00e4tig. Wir bearbeiten alle Arten von Metallen und Kunststoffen. Wir bieten Engineering-Dienstleistungen f\u00fcr die Industrie- und Energieerzeugung an und konzentrieren uns auf die kundenspezifische Produktion in kleinen bis mittleren Serien.<\/p>\n<p>Wir liefern Dokumentation zu Produktionszeichnungen, 3D-Design mit Implementierung in einem neuen CNC-Bearbeitungszentrum. Herstellung von Zahnr\u00e4dern, W\u00e4rmebehandlung, gr\u00f6\u00dferen Werkst\u00fccken und deren Einheiten, kompletter Reparaturservice, Renovierung und einzelne Maschinenteile, einschlie\u00dflich Montage und Oberfl\u00e4chenbehandlung.<\/p>\n<p>Wir bieten Plasmaschwei\u00dfen und -schneiden, Schneiden, L\u00f6sen, Herstellung von Rahmen, Schwei\u00dfteilen und Vorrichtungen. In unserem Familienunternehmen bevorzugen wir nat\u00fcrlich handwerkliche Qualit\u00e4t, wobei wir stets die Fristen einhalten.<\/p>\n<p>[\/et_pb_text][\/et_pb_column][\/et_pb_row][\/et_pb_section][et_pb_section fb_built=&#8220;1&#8243; _builder_version=&#8220;4.27.0&#8243; _module_preset=&#8220;default&#8220; background_color=&#8220;#c9f2d7&#8243; custom_margin=&#8220;0px||0px||false|false&#8220; custom_padding=&#8220;0px||0px||false|false&#8220; border_width_top=&#8220;1px&#8220; border_color_top=&#8220;#00984c&#8220; border_width_bottom=&#8220;1px&#8220; border_color_bottom=&#8220;#00984c&#8220; global_colors_info=&#8220;{}&#8220;][et_pb_row column_structure=&#8220;1_4,1_4,1_4,1_4&#8243; _builder_version=&#8220;4.27.0&#8243; _module_preset=&#8220;default&#8220; global_colors_info=&#8220;{}&#8220;][et_pb_column type=&#8220;1_4&#8243; _builder_version=&#8220;4.27.0&#8243; _module_preset=&#8220;default&#8220; global_colors_info=&#8220;{}&#8220;][et_pb_heading title=&#8220;CNC-Bearbeitung&#8220; _builder_version=&#8220;4.27.0&#8243; _module_preset=&#8220;default&#8220; title_level=&#8220;h2&#8243; title_text_align=&#8220;center&#8220; custom_margin=&#8220;||0px||false|false&#8220; custom_padding=&#8220;||10px||false|false&#8220; global_colors_info=&#8220;{}&#8220;][\/et_pb_heading][et_pb_image src=&#8220;https:\/\/www.obrabeni-kovu.cz\/wp-content\/uploads\/2024\/09\/sluzby_cnc_obrabeni_2.jpg&#8220; url=&#8220;@ET-DC@eyJkeW5hbWljIjp0cnVlLCJjb250ZW50IjoicG9zdF9saW5rX3VybF9wYWdlIiwic2V0dGluZ3MiOnsicG9zdF9pZCI6IjE1IiwiZW5hYmxlX2h0bWwiOiJvZmYifX0=@&#8220; _builder_version=&#8220;4.27.0&#8243; _dynamic_attributes=&#8220;url&#8220; _module_preset=&#8220;default&#8220; animation_style=&#8220;zoom&#8220; animation_duration=&#8220;600ms&#8220; animation_delay=&#8220;200ms&#8220; hover_enabled=&#8220;0&#8243; global_colors_info=&#8220;{}&#8220; sticky_enabled=&#8220;0&#8243;][\/et_pb_image][\/et_pb_column][et_pb_column type=&#8220;1_4&#8243; _builder_version=&#8220;4.27.0&#8243; _module_preset=&#8220;default&#8220; global_colors_info=&#8220;{}&#8220;][et_pb_heading title=&#8220;CAD CAM&#8220; _builder_version=&#8220;4.27.0&#8243; _module_preset=&#8220;default&#8220; title_level=&#8220;h2&#8243; title_text_align=&#8220;center&#8220; custom_margin=&#8220;||0px||false|false&#8220; custom_padding=&#8220;||10px||false|false&#8220; global_colors_info=&#8220;{}&#8220;][\/et_pb_heading][et_pb_image src=&#8220;https:\/\/www.obrabeni-kovu.cz\/wp-content\/uploads\/2024\/09\/sluzby_cad_cam_2.jpg&#8220; url=&#8220;@ET-DC@eyJkeW5hbWljIjp0cnVlLCJjb250ZW50IjoicG9zdF9saW5rX3VybF9wYWdlIiwic2V0dGluZ3MiOnsicG9zdF9pZCI6IjE3IiwiZW5hYmxlX2h0bWwiOiJvZmYifX0=@&#8220; _builder_version=&#8220;4.27.0&#8243; _dynamic_attributes=&#8220;url&#8220; _module_preset=&#8220;default&#8220; animation_style=&#8220;zoom&#8220; animation_duration=&#8220;600ms&#8220; animation_delay=&#8220;400ms&#8220; hover_enabled=&#8220;0&#8243; global_colors_info=&#8220;{}&#8220; sticky_enabled=&#8220;0&#8243;][\/et_pb_image][\/et_pb_column][et_pb_column type=&#8220;1_4&#8243; _builder_version=&#8220;4.27.0&#8243; _module_preset=&#8220;default&#8220; global_colors_info=&#8220;{}&#8220;][et_pb_heading title=&#8220;Schlosserproduktion&#8220; _builder_version=&#8220;4.27.0&#8243; _module_preset=&#8220;default&#8220; title_level=&#8220;h2&#8243; title_text_align=&#8220;center&#8220; custom_margin=&#8220;||0px||false|false&#8220; custom_padding=&#8220;||10px||false|false&#8220; global_colors_info=&#8220;{}&#8220;][\/et_pb_heading][et_pb_image src=&#8220;https:\/\/www.obrabeni-kovu.cz\/wp-content\/uploads\/2024\/09\/sluzby_zamecnicka_vyroba.jpg&#8220; url=&#8220;@ET-DC@eyJkeW5hbWljIjp0cnVlLCJjb250ZW50IjoicG9zdF9saW5rX3VybF9wYWdlIiwic2V0dGluZ3MiOnsicG9zdF9pZCI6IjE5IiwiZW5hYmxlX2h0bWwiOiJvZmYifX0=@&#8220; _builder_version=&#8220;4.27.0&#8243; _dynamic_attributes=&#8220;url&#8220; _module_preset=&#8220;default&#8220; animation_style=&#8220;zoom&#8220; animation_duration=&#8220;600ms&#8220; animation_delay=&#8220;600ms&#8220; hover_enabled=&#8220;0&#8243; global_colors_info=&#8220;{}&#8220; sticky_enabled=&#8220;0&#8243;][\/et_pb_image][\/et_pb_column][et_pb_column type=&#8220;1_4&#8243; _builder_version=&#8220;4.27.0&#8243; _module_preset=&#8220;default&#8220; global_colors_info=&#8220;{}&#8220;][et_pb_heading title=&#8220;Zinkpflanze&#8220; _builder_version=&#8220;4.27.0&#8243; _module_preset=&#8220;default&#8220; title_level=&#8220;h2&#8243; title_text_align=&#8220;center&#8220; custom_margin=&#8220;||0px||false|false&#8220; custom_padding=&#8220;||10px||false|false&#8220; global_colors_info=&#8220;{}&#8220;][\/et_pb_heading][et_pb_image src=&#8220;https:\/\/www.obrabeni-kovu.cz\/wp-content\/uploads\/2024\/09\/sluzby_zinkovna.jpg&#8220; url=&#8220;@ET-DC@eyJkeW5hbWljIjp0cnVlLCJjb250ZW50IjoicG9zdF9saW5rX3VybF9wYWdlIiwic2V0dGluZ3MiOnsicG9zdF9pZCI6IjIxIiwiZW5hYmxlX2h0bWwiOiJvZmYifX0=@&#8220; _builder_version=&#8220;4.27.0&#8243; _dynamic_attributes=&#8220;url&#8220; _module_preset=&#8220;default&#8220; animation_style=&#8220;zoom&#8220; animation_duration=&#8220;600ms&#8220; animation_delay=&#8220;800ms&#8220; hover_enabled=&#8220;0&#8243; global_colors_info=&#8220;{}&#8220; sticky_enabled=&#8220;0&#8243;][\/et_pb_image][\/et_pb_column][\/et_pb_row][\/et_pb_section]<\/p>\n","protected":false},"excerpt":{"rendered":"<p>Unser Unternehmen ist im Bereich der technischen Produktion t\u00e4tig. Wir bearbeiten alle Arten von Metallen und Kunststoffen. Wir bieten Engineering-Dienstleistungen f\u00fcr die Industrie- und Energieerzeugung an und konzentrieren uns auf die kundenspezifische Produktion in kleinen bis mittleren Serien. Wir liefern Dokumentation zu Produktionszeichnungen, 3D-Design mit Implementierung in einem neuen CNC-Bearbeitungszentrum. Herstellung von Zahnr\u00e4dern, W\u00e4rmebehandlung, gr\u00f6\u00dferen [&hellip;]<\/p>\n","protected":false},"author":1,"featured_media":0,"parent":0,"menu_order":2,"comment_status":"closed","ping_status":"closed","template":"","meta":{"_et_pb_use_builder":"on","_et_pb_old_content":"","_et_gb_content_width":"","footnotes":""},"class_list":["post-624","page","type-page","status-publish","hentry"],"_links":{"self":[{"href":"https:\/\/www.obrabeni-kovu.cz\/de\/wp-json\/wp\/v2\/pages\/624","targetHints":{"allow":["GET"]}}],"collection":[{"href":"https:\/\/www.obrabeni-kovu.cz\/de\/wp-json\/wp\/v2\/pages"}],"about":[{"href":"https:\/\/www.obrabeni-kovu.cz\/de\/wp-json\/wp\/v2\/types\/page"}],"author":[{"embeddable":true,"href":"https:\/\/www.obrabeni-kovu.cz\/de\/wp-json\/wp\/v2\/users\/1"}],"replies":[{"embeddable":true,"href":"https:\/\/www.obrabeni-kovu.cz\/de\/wp-json\/wp\/v2\/comments?post=624"}],"version-history":[{"count":5,"href":"https:\/\/www.obrabeni-kovu.cz\/de\/wp-json\/wp\/v2\/pages\/624\/revisions"}],"predecessor-version":[{"id":677,"href":"https:\/\/www.obrabeni-kovu.cz\/de\/wp-json\/wp\/v2\/pages\/624\/revisions\/677"}],"wp:attachment":[{"href":"https:\/\/www.obrabeni-kovu.cz\/de\/wp-json\/wp\/v2\/media?parent=624"}],"curies":[{"name":"wp","href":"https:\/\/api.w.org\/{rel}","templated":true}]}}